{"id":5427,"date":"2022-05-15T13:13:41","date_gmt":"2022-05-15T11:13:41","guid":{"rendered":"https:\/\/moc.ewidenz.it\/unser-service\/"},"modified":"2026-03-11T09:42:40","modified_gmt":"2026-03-11T08:42:40","slug":"servizi","status":"publish","type":"page","link":"https:\/\/moc.ewidenz.it\/it\/servizi\/","title":{"rendered":"Servizi"},"content":{"rendered":"\t\t<div data-elementor-type=\"wp-page\" data-elementor-id=\"5427\" class=\"elementor elementor-5427 elementor-1016\" data-elementor-post-type=\"page\">\n\t\t\t\t\t\t<section class=\"elementor-section elementor-top-section elementor-element elementor-element-322c47f elementor-section-items-stretch elementor-section-height-min-height elementor-section-content-middle elementor-section-boxed elementor-section-height-default\" data-id=\"322c47f\" data-element_type=\"section\" data-e-type=\"section\" data-settings=\"{&quot;background_background&quot;:&quot;classic&quot;}\">\n\t\t\t\t\t\t\t<div class=\"elementor-background-overlay\"><\/div>\n\t\t\t\t\t\t\t<div class=\"elementor-container elementor-column-gap-wider\">\n\t\t\t\t\t<div class=\"elementor-column elementor-col-100 elementor-top-column elementor-element elementor-element-4113355\" data-id=\"4113355\" data-element_type=\"column\" data-e-type=\"column\">\n\t\t\t<div class=\"elementor-widget-wrap elementor-element-populated\">\n\t\t\t\t\t\t<div class=\"elementor-element elementor-element-bb3633a elementor-widget elementor-widget-heading\" data-id=\"bb3633a\" data-element_type=\"widget\" data-e-type=\"widget\" data-widget_type=\"heading.default\">\n\t\t\t\t<div class=\"elementor-widget-container\">\n\t\t\t\t\t<p class=\"elementor-heading-title elementor-size-default\">I nostri laboratori e i nostri servizi -<\/p>\t\t\t\t<\/div>\n\t\t\t\t<\/div>\n\t\t\t\t<div class=\"elementor-element elementor-element-d464ee5 elementor-widget__width-initial elementor-widget elementor-widget-heading\" data-id=\"d464ee5\" data-element_type=\"widget\" data-e-type=\"widget\" data-widget_type=\"heading.default\">\n\t\t\t\t<div class=\"elementor-widget-container\">\n\t\t\t\t\t<p class=\"elementor-heading-title elementor-size-default\">il tuo accesso a MultiOmics<\/p>\t\t\t\t<\/div>\n\t\t\t\t<\/div>\n\t\t\t\t\t<\/div>\n\t\t<\/div>\n\t\t\t\t\t<\/div>\n\t\t<\/section>\n\t\t\t\t<section class=\"elementor-section elementor-top-section elementor-element elementor-element-fb05e2d elementor-reverse-tablet elementor-reverse-mobile_extra elementor-reverse-mobile elementor-section-boxed elementor-section-height-default elementor-section-height-default\" data-id=\"fb05e2d\" data-element_type=\"section\" data-e-type=\"section\" data-settings=\"{&quot;background_background&quot;:&quot;classic&quot;}\">\n\t\t\t\t\t\t<div class=\"elementor-container elementor-column-gap-wider\">\n\t\t\t\t\t<div class=\"elementor-column elementor-col-50 elementor-top-column elementor-element elementor-element-f69a4e0\" data-id=\"f69a4e0\" data-element_type=\"column\" data-e-type=\"column\" data-settings=\"{&quot;background_background&quot;:&quot;classic&quot;}\">\n\t\t\t<div class=\"elementor-widget-wrap elementor-element-populated\">\n\t\t\t\t\t\t<div class=\"elementor-element elementor-element-fe84afd elementor-widget__width-initial elementor-widget elementor-widget-heading\" data-id=\"fe84afd\" data-element_type=\"widget\" data-e-type=\"widget\" data-widget_type=\"heading.default\">\n\t\t\t\t<div class=\"elementor-widget-container\">\n\t\t\t\t\t<p class=\"elementor-heading-title elementor-size-default\">Con know-how e laboratori di eccellenza verso l\u2019innovazione<\/p>\t\t\t\t<\/div>\n\t\t\t\t<\/div>\n\t\t\t\t<div class=\"elementor-element elementor-element-3c2b1a6 elementor-widget elementor-widget-heading\" data-id=\"3c2b1a6\" data-element_type=\"widget\" data-e-type=\"widget\" data-widget_type=\"heading.default\">\n\t\t\t\t<div class=\"elementor-widget-container\">\n\t\t\t\t\t<p class=\"elementor-heading-title elementor-size-default\">Soluzioni omiche<\/p>\t\t\t\t<\/div>\n\t\t\t\t<\/div>\n\t\t\t\t<div class=\"elementor-element elementor-element-fff52c6 elementor-widget__width-initial elementor-widget elementor-widget-heading\" data-id=\"fff52c6\" data-element_type=\"widget\" data-e-type=\"widget\" data-widget_type=\"heading.default\">\n\t\t\t\t<div class=\"elementor-widget-container\">\n\t\t\t\t\t<p class=\"elementor-heading-title elementor-size-default\">per alimentazione e salute<\/p>\t\t\t\t<\/div>\n\t\t\t\t<\/div>\n\t\t\t\t<div class=\"elementor-element elementor-element-42eaa90 elementor-widget elementor-widget-spacer\" data-id=\"42eaa90\" data-element_type=\"widget\" data-e-type=\"widget\" data-widget_type=\"spacer.default\">\n\t\t\t\t<div class=\"elementor-widget-container\">\n\t\t\t\t\t\t\t<div class=\"elementor-spacer\">\n\t\t\t<div class=\"elementor-spacer-inner\"><\/div>\n\t\t<\/div>\n\t\t\t\t\t\t<\/div>\n\t\t\t\t<\/div>\n\t\t\t\t<div class=\"elementor-element elementor-element-e0b690b elementor-widget elementor-widget-text-editor\" data-id=\"e0b690b\" data-element_type=\"widget\" data-e-type=\"widget\" data-widget_type=\"text-editor.default\">\n\t\t\t\t<div class=\"elementor-widget-container\">\n\t\t\t\t\t\t\t\t\t<p>Mettiamo a disposizione competenze nel campo delle scienze omiche e supportiamo organizzazioni operanti nei settori dell\u2019alimentazione, dell\u2019agricoltura e della salute. Il nostro flusso di lavoro aiuta a trasformare dati biologici complessi in conoscenze chiare e utilizzabili.<\/p><p><br \/>Offriamo un portfolio completo di soluzioni negli ambiti di genomica, trascrittomica, proteomica e metabolomica per aziende alimentari, laboratori pubblici e istituti di ricerca attivi nei settori della produzione e qualit\u00e0 alimentare, agricoltura e salute. Le nostre tecnologie supportano l\u2019intero processo, dalla preparazione dei campioni all\u2019analisi, integrando l\u2019interpretazione dei dati bioinformatici.<\/p>\t\t\t\t\t\t\t\t<\/div>\n\t\t\t\t<\/div>\n\t\t\t\t<div class=\"elementor-element elementor-element-cfa5783 elementor-align-justify elementor-widget__width-initial elementor-widget elementor-widget-button\" data-id=\"cfa5783\" data-element_type=\"widget\" data-e-type=\"widget\" data-widget_type=\"button.default\">\n\t\t\t\t<div class=\"elementor-widget-container\">\n\t\t\t\t\t\t\t\t\t<div class=\"elementor-button-wrapper\">\n\t\t\t\t\t<a class=\"elementor-button elementor-button-link elementor-size-sm\" href=\"https:\/\/moc.ewidenz.it\/it\/contatto\/\">\n\t\t\t\t\t\t<span class=\"elementor-button-content-wrapper\">\n\t\t\t\t\t\t\t\t\t<span class=\"elementor-button-text\">Contattaci<\/span>\n\t\t\t\t\t<\/span>\n\t\t\t\t\t<\/a>\n\t\t\t\t<\/div>\n\t\t\t\t\t\t\t\t<\/div>\n\t\t\t\t<\/div>\n\t\t\t\t\t<\/div>\n\t\t<\/div>\n\t\t\t\t<div class=\"elementor-column elementor-col-50 elementor-top-column elementor-element elementor-element-9cd65d5\" data-id=\"9cd65d5\" data-element_type=\"column\" data-e-type=\"column\">\n\t\t\t<div class=\"elementor-widget-wrap elementor-element-populated\">\n\t\t\t\t\t\t<div class=\"elementor-element elementor-element-9cf52ba elementor-widget elementor-widget-image\" data-id=\"9cf52ba\" data-element_type=\"widget\" data-e-type=\"widget\" data-widget_type=\"image.default\">\n\t\t\t\t<div class=\"elementor-widget-container\">\n\t\t\t\t\t\t\t\t\t\t\t\t\t\t\t<img fetchpriority=\"high\" decoding=\"async\" width=\"800\" height=\"534\" src=\"https:\/\/moc.ewidenz.it\/wp-content\/uploads\/2026\/02\/MOC-Services-2-1024x684.jpg\" class=\"attachment-large size-large wp-image-5044\" alt=\"\" srcset=\"https:\/\/moc.ewidenz.it\/wp-content\/uploads\/2026\/02\/MOC-Services-2-1024x684.jpg 1024w, https:\/\/moc.ewidenz.it\/wp-content\/uploads\/2026\/02\/MOC-Services-2-300x200.jpg 300w, https:\/\/moc.ewidenz.it\/wp-content\/uploads\/2026\/02\/MOC-Services-2-768x513.jpg 768w, https:\/\/moc.ewidenz.it\/wp-content\/uploads\/2026\/02\/MOC-Services-2-1536x1025.jpg 1536w, https:\/\/moc.ewidenz.it\/wp-content\/uploads\/2026\/02\/MOC-Services-2.jpg 2048w\" sizes=\"(max-width: 800px) 100vw, 800px\" \/>\t\t\t\t\t\t\t\t\t\t\t\t\t\t\t<\/div>\n\t\t\t\t<\/div>\n\t\t\t\t\t<\/div>\n\t\t<\/div>\n\t\t\t\t\t<\/div>\n\t\t<\/section>\n\t\t\t\t<section class=\"elementor-section elementor-top-section elementor-element elementor-element-7bfce38 elementor-section-content-top elementor-section-boxed elementor-section-height-default elementor-section-height-default\" data-id=\"7bfce38\" data-element_type=\"section\" data-e-type=\"section\">\n\t\t\t\t\t\t<div class=\"elementor-container elementor-column-gap-wider\">\n\t\t\t\t\t<div class=\"elementor-column elementor-col-50 elementor-top-column elementor-element elementor-element-26b4d9c\" data-id=\"26b4d9c\" data-element_type=\"column\" data-e-type=\"column\">\n\t\t\t<div class=\"elementor-widget-wrap elementor-element-populated\">\n\t\t\t\t\t\t<div class=\"elementor-element elementor-element-e971b7c elementor-widget elementor-widget-image\" data-id=\"e971b7c\" data-element_type=\"widget\" data-e-type=\"widget\" data-widget_type=\"image.default\">\n\t\t\t\t<div class=\"elementor-widget-container\">\n\t\t\t\t\t\t\t\t\t\t\t\t\t\t\t<img decoding=\"async\" width=\"800\" height=\"534\" src=\"https:\/\/moc.ewidenz.it\/wp-content\/uploads\/2026\/03\/MOC-Services-3-1024x683.jpg\" class=\"attachment-large size-large wp-image-5088\" alt=\"\" srcset=\"https:\/\/moc.ewidenz.it\/wp-content\/uploads\/2026\/03\/MOC-Services-3-1024x683.jpg 1024w, https:\/\/moc.ewidenz.it\/wp-content\/uploads\/2026\/03\/MOC-Services-3-300x200.jpg 300w, https:\/\/moc.ewidenz.it\/wp-content\/uploads\/2026\/03\/MOC-Services-3-768x512.jpg 768w, https:\/\/moc.ewidenz.it\/wp-content\/uploads\/2026\/03\/MOC-Services-3-1536x1024.jpg 1536w, https:\/\/moc.ewidenz.it\/wp-content\/uploads\/2026\/03\/MOC-Services-3.jpg 2048w\" sizes=\"(max-width: 800px) 100vw, 800px\" \/>\t\t\t\t\t\t\t\t\t\t\t\t\t\t\t<\/div>\n\t\t\t\t<\/div>\n\t\t\t\t\t<\/div>\n\t\t<\/div>\n\t\t\t\t<div class=\"elementor-column elementor-col-50 elementor-top-column elementor-element elementor-element-d2ea76c\" data-id=\"d2ea76c\" data-element_type=\"column\" data-e-type=\"column\">\n\t\t\t<div class=\"elementor-widget-wrap elementor-element-populated\">\n\t\t\t\t\t\t<div class=\"elementor-element elementor-element-9caaf53 elementor-widget elementor-widget-heading\" data-id=\"9caaf53\" data-element_type=\"widget\" data-e-type=\"widget\" data-widget_type=\"heading.default\">\n\t\t\t\t<div class=\"elementor-widget-container\">\n\t\t\t\t\t<p class=\"elementor-heading-title elementor-size-default\">Portfolio<\/p>\t\t\t\t<\/div>\n\t\t\t\t<\/div>\n\t\t\t\t<div class=\"elementor-element elementor-element-449a127 elementor-widget elementor-widget-text-editor\" data-id=\"449a127\" data-element_type=\"widget\" data-e-type=\"widget\" data-widget_type=\"text-editor.default\">\n\t\t\t\t<div class=\"elementor-widget-container\">\n\t\t\t\t\t\t\t\t\t<p>Siamo in grado di garantire la preparazione affidabile di un\u2019ampia variet\u00e0 di campioni alimentari, vegetali e biologici mediante una strumentazione all\u2019avanguardia. Il nostro portafoglio comprende analisi mirate di genomica e trascrittomica, incluse analisi a livello proteico.<\/p>\t\t\t\t\t\t\t\t<\/div>\n\t\t\t\t<\/div>\n\t\t\t\t<div class=\"elementor-element elementor-element-ea064cc elementor-widget elementor-widget-heading\" data-id=\"ea064cc\" data-element_type=\"widget\" data-e-type=\"widget\" data-widget_type=\"heading.default\">\n\t\t\t\t<div class=\"elementor-widget-container\">\n\t\t\t\t\t<p class=\"elementor-heading-title elementor-size-default\">I nostri servizi comprendono:<\/p>\t\t\t\t<\/div>\n\t\t\t\t<\/div>\n\t\t\t\t<div class=\"elementor-element elementor-element-725290b elementor-widget elementor-widget-text-editor\" data-id=\"725290b\" data-element_type=\"widget\" data-e-type=\"widget\" data-widget_type=\"text-editor.default\">\n\t\t\t\t<div class=\"elementor-widget-container\">\n\t\t\t\t\t\t\t\t\t<ul><li>Assistenza completa nella prepapazione del campione e dell\u2019interpretazione dei dati<\/li><li>Flussi di lavoro riproducibili e scalabili<\/li><li>Competenze orientate alle applicazioni nei settori alimentare, agricolo e della salute<\/li><\/ul>\t\t\t\t\t\t\t\t<\/div>\n\t\t\t\t<\/div>\n\t\t\t\t\t<\/div>\n\t\t<\/div>\n\t\t\t\t\t<\/div>\n\t\t<\/section>\n\t\t\t\t<section class=\"elementor-section elementor-top-section elementor-element elementor-element-d045f94 elementor-section-content-top elementor-section-boxed elementor-section-height-default elementor-section-height-default\" data-id=\"d045f94\" data-element_type=\"section\" data-e-type=\"section\" data-settings=\"{&quot;background_background&quot;:&quot;classic&quot;}\">\n\t\t\t\t\t\t<div class=\"elementor-container elementor-column-gap-wider\">\n\t\t\t\t\t<div class=\"elementor-column elementor-col-50 elementor-top-column elementor-element elementor-element-1ec840e\" data-id=\"1ec840e\" data-element_type=\"column\" data-e-type=\"column\">\n\t\t\t<div class=\"elementor-widget-wrap elementor-element-populated\">\n\t\t\t\t\t\t<div class=\"elementor-element elementor-element-f9d1212 elementor-widget elementor-widget-heading\" data-id=\"f9d1212\" data-element_type=\"widget\" data-e-type=\"widget\" data-widget_type=\"heading.default\">\n\t\t\t\t<div class=\"elementor-widget-container\">\n\t\t\t\t\t<p class=\"elementor-heading-title elementor-size-default\">Cluster di calcolo bioinformatico avanzato<\/p>\t\t\t\t<\/div>\n\t\t\t\t<\/div>\n\t\t\t\t<div class=\"elementor-element elementor-element-f3bad14 elementor-widget elementor-widget-text-editor\" data-id=\"f3bad14\" data-element_type=\"widget\" data-e-type=\"widget\" data-widget_type=\"text-editor.default\">\n\t\t\t\t<div class=\"elementor-widget-container\">\n\t\t\t\t\t\t\t\t\t<p>Il cluster di calcolo bioinformatico avanzato (HPC) del MOC \u2013 Centro MultiOmics per Alimentazione e Salute fornisce un&#8217;infrastruttura tecnica moderna, sviluppata appositamente per l&#8217;elaborazione di grandi set di dati omici. La sua potenza di calcolo, unita ad una memoria scalabile, consentono ad aziende e partner di ricerca nei settori dell\u2019agricoltura, della produzione alimentare, della biotecnologia e della salute di gestire e analizzare in modo affidabile grandi moli di dati di genomica, trascrittomica, proteomica e metabolomica.<\/p><p><br \/>Grazie a banche dati di riferimento aggiornate regolarmente e ad un robusto ambiente ad alte prestazioni, i dati provenienti da campioni biologici possono essere analizzati ed elaborati secondo gli attuali standard scientifici, garantendo accuratezza, riproducibilit\u00e0 e integrit\u00e0 dei dati a lungo termine. Particolare attenzione \u00e8 dedicata all\u2019archiviazione sicura dei dati e alla protezione delle informazioni sensibili. Il cluster rappresenta la spina dorsale tecnologica per progetti ad elevato carico di dati e offre alle aziende l\u2019accesso a risorse bioinformatiche avanzate senza la necessit\u00e0 di investire in complesse infrastrutture interne.<\/p>\t\t\t\t\t\t\t\t<\/div>\n\t\t\t\t<\/div>\n\t\t\t\t\t<\/div>\n\t\t<\/div>\n\t\t\t\t<div class=\"elementor-column elementor-col-50 elementor-top-column elementor-element elementor-element-c8fbde4\" data-id=\"c8fbde4\" data-element_type=\"column\" data-e-type=\"column\">\n\t\t\t<div class=\"elementor-widget-wrap elementor-element-populated\">\n\t\t\t\t\t\t<div class=\"elementor-element elementor-element-22fbe04 elementor-widget elementor-widget-heading\" data-id=\"22fbe04\" data-element_type=\"widget\" data-e-type=\"widget\" data-widget_type=\"heading.default\">\n\t\t\t\t<div class=\"elementor-widget-container\">\n\t\t\t\t\t<p class=\"elementor-heading-title elementor-size-default\">Servizi<br \/>bioinformatici<\/p>\t\t\t\t<\/div>\n\t\t\t\t<\/div>\n\t\t\t\t<div class=\"elementor-element elementor-element-5078820 elementor-widget elementor-widget-text-editor\" data-id=\"5078820\" data-element_type=\"widget\" data-e-type=\"widget\" data-widget_type=\"text-editor.default\">\n\t\t\t\t<div class=\"elementor-widget-container\">\n\t\t\t\t\t\t\t\t\t<p>MOC offre un&#8217;ampia gamma di servizi bioinformatici alle aziende e alle istituzioni che desiderano valutare i dati omici o approfondire la conoscenza dei propri prodotti e sistemi biologici. Questi servizi includono l\u2019elaborazione standardizzata di dati genomici e trascrittomici, nonch\u00e9 l\u2019analisi riproducibile dei flussi di lavoro per dataset metabolomici e proteomici complessi.<\/p><p><br \/>Grazie a processi di analisi chiaramente definiti, controlli di qualit\u00e0 e strumenti software all&#8217;avanguardia, \u00e8 possibile elaborare e interpretare in modo efficiente grandi quantit\u00e0 di dati. In particolare, la cosiddetta metabolomica \u201cnon mirata\u201d, che rileva prodotti metabolici sconosciuti, richiede competenze specialistiche, un settore in cui il team dell&#8217;Istituto di Biomedicina di Eurac Research vanta un&#8217;esperienza pluriennale.<\/p><p><br \/>Inoltre, sviluppiamo approcci MultiOmici integrativi che collegano i risultati di diversi livelli molecolari. In questo modo si ottengono informazioni complete sui processi biologici, che aiutano le aziende a sviluppare innovazioni e a garantire la qualit\u00e0 dei prodotti<\/p>\t\t\t\t\t\t\t\t<\/div>\n\t\t\t\t<\/div>\n\t\t\t\t\t<\/div>\n\t\t<\/div>\n\t\t\t\t\t<\/div>\n\t\t<\/section>\n\t\t\t\t<section class=\"elementor-section elementor-top-section elementor-element elementor-element-ee8dbb3 elementor-section-height-min-height elementor-section-boxed elementor-section-height-default elementor-section-items-middle\" data-id=\"ee8dbb3\" data-element_type=\"section\" data-e-type=\"section\" data-settings=\"{&quot;background_background&quot;:&quot;classic&quot;}\">\n\t\t\t\t\t\t\t<div class=\"elementor-background-overlay\"><\/div>\n\t\t\t\t\t\t\t<div class=\"elementor-container elementor-column-gap-wider\">\n\t\t\t\t\t<div class=\"elementor-column elementor-col-100 elementor-top-column elementor-element elementor-element-34f5df7\" data-id=\"34f5df7\" data-element_type=\"column\" data-e-type=\"column\">\n\t\t\t<div class=\"elementor-widget-wrap\">\n\t\t\t\t\t\t\t<\/div>\n\t\t<\/div>\n\t\t\t\t\t<\/div>\n\t\t<\/section>\n\t\t\t\t<\/div>\n\t\t","protected":false},"excerpt":{"rendered":"<p>I nostri laboratori e i nostri servizi &#8211; il tuo accesso a MultiOmics Con know-how e laboratori di eccellenza verso l\u2019innovazione Soluzioni omiche per alimentazione e salute Mettiamo a disposizione competenze nel campo delle scienze omiche e supportiamo organizzazioni operanti nei settori dell\u2019alimentazione, dell\u2019agricoltura e della salute. Il nostro flusso di lavoro aiuta a trasformare [&hellip;]<\/p>\n","protected":false},"author":3,"featured_media":0,"parent":0,"menu_order":3,"comment_status":"closed","ping_status":"closed","template":"","meta":{"footnotes":""},"class_list":["post-5427","page","type-page","status-publish","hentry"],"_links":{"self":[{"href":"https:\/\/moc.ewidenz.it\/it\/wp-json\/wp\/v2\/pages\/5427","targetHints":{"allow":["GET"]}}],"collection":[{"href":"https:\/\/moc.ewidenz.it\/it\/wp-json\/wp\/v2\/pages"}],"about":[{"href":"https:\/\/moc.ewidenz.it\/it\/wp-json\/wp\/v2\/types\/page"}],"author":[{"embeddable":true,"href":"https:\/\/moc.ewidenz.it\/it\/wp-json\/wp\/v2\/users\/3"}],"replies":[{"embeddable":true,"href":"https:\/\/moc.ewidenz.it\/it\/wp-json\/wp\/v2\/comments?post=5427"}],"version-history":[{"count":0,"href":"https:\/\/moc.ewidenz.it\/it\/wp-json\/wp\/v2\/pages\/5427\/revisions"}],"wp:attachment":[{"href":"https:\/\/moc.ewidenz.it\/it\/wp-json\/wp\/v2\/media?parent=5427"}],"curies":[{"name":"wp","href":"https:\/\/api.w.org\/{rel}","templated":true}]}}